{"id":1414,"date":"2023-12-13T14:33:19","date_gmt":"2023-12-13T12:33:19","guid":{"rendered":"https:\/\/onedesk.dev.cypas.lt\/pirkimo-pardavimo-taisykles\/"},"modified":"2023-12-24T11:10:24","modified_gmt":"2023-12-24T11:10:24","slug":"terms-and-conditions","status":"publish","type":"page","link":"https:\/\/www.onedesk.lt\/en\/terms-and-conditions\/","title":{"rendered":"Terms and conditions"},"content":{"rendered":"<p><span style=\"color: #333333;\"><span style=\"font-family: Arial, serif;\"><span style=\"font-size: xx-large;\">1. Bendrosios nuostatos<\/span><\/span><\/span><\/p>\n<p><span style=\"color: #333333;\"><span style=\"font-family: Arial, serif;\"><span style=\"font-size: small;\">1.1. \u0160ios elektronin\u0117s parduotuv\u0117s taisykl\u0117s (toliau \u2013 Taisykl\u0117s) yra Pirk\u0117jui ir Pardav\u0117jui (toliau \u2013 Pardav\u0117jas) juridi\u0161kai privalomas dokumentas, kuriame nustatomos \u0160ali\u0173 teis\u0117s ir pareigos.<\/span><\/span><\/span><span style=\"color: #333333;\"><span style=\"font-family: Arial, serif;\"><span style=\"font-size: small;\"><br \/>\n<\/span><\/span><\/span><span style=\"color: #333333;\"><span style=\"font-family: Arial, serif;\"><span style=\"font-size: small;\">1.<\/span><\/span><\/span><span style=\"color: #333333;\"><span style=\"font-family: Arial, serif;\"><span style=\"font-size: small;\"><span lang=\"en-US\">2<\/span><\/span><\/span><\/span><span style=\"color: #333333;\"><span style=\"font-family: Arial, serif;\"><span style=\"font-size: small;\">. Pardav\u0117jas pasilieka teis\u0119 bet kuriuo metu pakeisti, taisyti ar papildyti \u0161ias Taisykles. Apie Taisykli\u0173 pasikeitimus Pirk\u0117jas informuojamas elektronin\u0117s parduotuv\u0117s tinklapyje. <\/span><\/span><\/span><span style=\"color: #333333;\"><span style=\"font-family: Arial, serif;\"><span style=\"font-size: small;\"><br \/>\n<\/span><\/span><\/span><\/p>\n<p><span style=\"color: #333333;\"><span style=\"font-family: Arial, serif;\"><span style=\"font-size: xx-large;\">2. Pirkimo-pardavimo sutarties sudarymas<\/span><\/span><\/span><\/p>\n<p><span style=\"color: #333333;\"><span style=\"font-family: Arial, serif;\"><span style=\"font-size: small;\"><span lang=\"en-US\">2<\/span><\/span><\/span><\/span><span style=\"color: #333333;\"><span style=\"font-family: Arial, serif;\"><span style=\"font-size: small;\">.1. Pirkimo-pardavimo sutartis tarp Pirk\u0117jo ir Pardav\u0117jo laikoma sudaryta, kuomet Pirk\u0117jas elektronin\u0117je parduotuv\u0117je suformuoja ir pateikia preki\u0173 u\u017esakym\u0105, prie\u0161 tai susipa\u017ein\u0119s su \u0161iomis taisykl\u0117mis.<\/span><\/span><\/span><span style=\"color: #333333;\"><span style=\"font-family: Arial, serif;\"><span style=\"font-size: small;\"><br \/>\n<\/span><\/span><\/span><\/p>\n<p><span style=\"color: #333333;\"><span style=\"font-family: Arial, serif;\"><span style=\"font-size: xx-large;\">3. Pardav\u0117jo teis\u0117s<\/span><\/span><\/span><\/p>\n<p><span style=\"color: #333333;\"><span style=\"font-family: Arial, serif;\"><span style=\"font-size: small;\">3.1. Susidarius svarbioms aplinkyb\u0117ms, Pardav\u0117jas gali laikinai arba visi\u0161kai sustabdyti elektronin\u0117s parduotuv\u0117s veikl\u0105, apie tai i\u0161 anksto neprane\u0161\u0119s Pirk\u0117jui.<\/span><\/span><\/span><span style=\"color: #333333;\"><span style=\"font-family: Arial, serif;\"><span style=\"font-size: small;\"><br \/>\n<\/span><\/span><\/span><span style=\"color: #333333;\"><span style=\"font-family: Arial, serif;\"><span style=\"font-size: small;\"><span lang=\"en-US\">3<\/span><\/span><\/span><\/span><span style=\"color: #333333;\"><span style=\"font-family: Arial, serif;\"><span style=\"font-size: small;\">.2. <\/span><\/span><\/span><span style=\"color: #000000;\"><span style=\"font-family: Arial, serif;\"><span style=\"font-size: small;\">Jeigu Pirk\u0117jas bando pakenkti elektronin\u0117s parduotuv\u0117s darbui, stabilumui ir saugumui ar pa\u017eeid\u017eia savo \u012fsipareigojimus, Pardav\u0117jas turi teis\u0119 be persp\u0117jimo apriboti ar sustabdyti jam galimyb\u0119 naudotis elektronine parduotuve.<\/span><\/span><\/span><\/p>\n<p><span style=\"color: #333333;\"><span style=\"font-family: Arial, serif;\"><span style=\"font-size: xx-large;\">4. Pardav\u0117jo \u012fsipareigojimai<\/span><\/span><\/span><\/p>\n<p><span style=\"color: #333333;\"><span style=\"font-family: Arial, serif;\"><span style=\"font-size: small;\">4.1. Pardav\u0117jas \u012fsipareigoja sudaryti galimyb\u0119 naudotis elektronin\u0117s parduotuv\u0117s paslaugomis, kurios veikimo s\u0105lygas nustato \u0161ios Taisykl\u0117s.<\/span><\/span><\/span><span style=\"color: #333333;\"><span style=\"font-family: Arial, serif;\"><span style=\"font-size: small;\"><br \/>\n<\/span><\/span><\/span><span style=\"color: #333333;\"><span style=\"font-family: Arial, serif;\"><span style=\"font-size: small;\"><span lang=\"en-US\">4<\/span><\/span><\/span><\/span><span style=\"color: #333333;\"><span style=\"font-family: Arial, serif;\"><span style=\"font-size: small;\">.2. Pardav\u0117jas \u012fsipareigoja Pirk\u0117jo \u012fsigytas prekes pristatyti Pirk\u0117jo pasirinktu pristatymo b\u016bdu, remdamasis s\u0105lygomis, kurias nustato \u0161ios pirkimo \u2013 pardavimo Taisykl\u0117s.<\/span><\/span><\/span><span style=\"color: #333333;\"><span style=\"font-family: Arial, serif;\"><span style=\"font-size: small;\"><br \/>\n<\/span><\/span><\/span><span style=\"color: #333333;\"><span style=\"font-family: Arial, serif;\"><span style=\"font-size: small;\">4.3. Kai d\u0117l nenumatyt\u0173 aplinkybi\u0173 Pardav\u0117jas negali pristatyti elektronin\u0117je parduotuv\u0117je u\u017esakytas prekes, Pardav\u0117jas turi teis\u0119 nutraukti Pirkimo-pardavimo sutart\u012f prie\u0161 tai informav\u0119s pirk\u0117j\u0105. Pardav\u0117jas gali pasi\u016blyti analogi\u0161k\u0105 prek\u0119. Pirk\u0117jui atsisakius, Pardav\u0117jas \u012fsipareigoja gr\u0105\u017einti sumok\u0117tus pinigus per 3 darbo dienas.<\/span><\/span><\/span><span style=\"color: #333333;\"><span style=\"font-family: Arial, serif;\"><span style=\"font-size: small;\"><br \/>\n<\/span><\/span><\/span><span style=\"color: #333333;\"><span style=\"font-family: Arial, serif;\"><span style=\"font-size: small;\">4.4. <\/span><\/span><\/span><span style=\"color: #000000;\"><span style=\"font-family: Arial, serif;\"><span style=\"font-size: small;\">Pirk\u0117jui pasinaudojus Taisykli\u0173 5.2. punkte numatyta teise, Pardav\u0117jas \u012fsipareigoja gr\u0105\u017einti Pirk\u0117jui sumok\u0117tus pinigus per 5 (penkias) darbo dienas, nuo gr\u0105\u017einamos prek\u0117s gavimo dienos<\/span><\/span><\/span><span style=\"color: #333333;\"><span style=\"font-family: Arial, serif;\"><span style=\"font-size: small;\">.<\/span><\/span><\/span><span style=\"color: #333333;\"><span style=\"font-family: Arial, serif;\"><span style=\"font-size: small;\"><br \/>\n<\/span><\/span><\/span><span style=\"color: #333333;\"><span style=\"font-family: Arial, serif;\"><span style=\"font-size: small;\">4.5. Pardav\u0117jas gali negr\u0105\u017einti Pirk\u0117jui jo sumok\u0117tos pinig\u0173 sumos tol, kol prek\u0117s negr\u0105\u017eintos Pardav\u0117jui arba kol Pirk\u0117jas pateikia \u012frodym\u0105, kad prek\u0117s yra i\u0161si\u0173stos Pardav\u0117jui, atsi\u017evelgiant \u012f tai, kas \u012fvyksta pirmiau.\u00a0<\/span><\/span><\/span><\/p>\n<p>&nbsp;<\/p>\n<p><span style=\"color: #333333;\"><span style=\"font-family: Arial, serif;\"><span style=\"font-size: xx-large;\">5. Pirk\u0117jo teis\u0117s<\/span><\/span><\/span><\/p>\n<p><span style=\"color: #333333;\"><span style=\"font-family: Arial, serif;\"><span style=\"font-size: small;\">5.1. Pirk\u0117jas turi teis\u0119 pirkti prekes elektronin\u0117je parduotuv\u0117je vadovaudamasis \u0161iomis Taisykl\u0117mis.<\/span><\/span><\/span><span style=\"color: #333333;\"><span style=\"font-family: Arial, serif;\"><span style=\"font-size: small;\"><br \/>\n<\/span><\/span><\/span><span style=\"color: #333333;\"><span style=\"font-family: Arial, serif;\"><span style=\"font-size: small;\">5.2. Pirk\u0117jas turi teis\u0119 atsisakyti elektronin\u0117je parduotuv\u0117je sudarytos preki\u0173 pirkimo-pardavimo sutarties, prane\u0161damas apie tai Pardav\u0117jui ra\u0161tu ne v\u0117liau kaip per 14 (keturiolika) kalendorini\u0173 dien\u0173 nuo prek\u0117s pristatymo dienos.<\/span><\/span><\/span><span style=\"color: #333333;\"><span style=\"font-family: Arial, serif;\"><span style=\"font-size: small;\"><br \/>\n<\/span><\/span><\/span><span style=\"color: #333333;\"><span style=\"font-family: Arial, serif;\"><span style=\"font-size: small;\">5.3. 5.2 punkte aptarta Pirk\u0117jo teise Pirk\u0117jas gali pasinaudoti tik tuo atveju, jeigu prek\u0117 nebuvo sugadinta arba i\u0161 esm\u0117s nepasikeit\u0117 jos i\u0161vaizda, taip pat jei ji nebuvo naudojama.<\/span><\/span><\/span><span style=\"color: #333333;\"><span style=\"font-family: Arial, serif;\"><span style=\"font-size: small;\"><br \/>\n<\/span><\/span><\/span><\/p>\n<p><span style=\"color: #333333;\"><span style=\"font-family: Arial, serif;\"><span style=\"font-size: xx-large;\">6. Pirk\u0117jo \u012fsipareigojimai<\/span><\/span><\/span><\/p>\n<p><span style=\"color: #333333;\"><span style=\"font-family: Arial, serif;\"><span style=\"font-size: small;\">6.1. Pirk\u0117jas privalo sumok\u0117ti u\u017e \u012fsigytas prekes ir jas priimti \u0161iose Taisykl\u0117se numatyta tvarka.<\/span><\/span><\/span><span style=\"color: #333333;\"><span style=\"font-family: Arial, serif;\"><span style=\"font-size: small;\"><br \/>\n<\/span><\/span><\/span><span style=\"color: #333333;\"><span style=\"font-family: Arial, serif;\"><span style=\"font-size: small;\">6.2. Jeigu Pirk\u0117jas, preki\u0173 pristatymo metu, be svarbi\u0173 prie\u017eas\u010di\u0173 atsisako priimti prekes, Pardav\u0117jui pareikalavus Pirk\u0117jas privalo padengti preki\u0173 gr\u0105\u017einimo i\u0161laidas.\u00a0<\/span><\/span><\/span><\/p>\n<p><span style=\"color: #333333;\"><span style=\"font-family: Arial, serif;\"><span style=\"font-size: small;\"><span lang=\"en-US\">6.3. <\/span><\/span><\/span><\/span><span style=\"color: #333333;\"><span style=\"font-family: Arial, serif;\"><span style=\"font-size: small;\">Preki\u0173 pristatymo Pirk\u0117jui metu Pirk\u0117jas privalo kartu su Pardav\u0117ju arba su asmeniu prista\u010diusiu siunt\u0105 patikrinti siuntos ir prek\u0117s(-i\u0173) b\u016bkl\u0119.<\/span><\/span><\/span><span style=\"color: #333333;\"><span style=\"font-family: Arial, serif;\"><span style=\"font-size: small;\"><br \/>\n<\/span><\/span><\/span><span style=\"color: #333333;\"><span style=\"font-family: Arial, serif;\"><span style=\"font-size: small;\">6.4. Pirk\u0117jas, naudodamasis elektronine parduotuve, patvirtina, kad sutinka su \u0161iomis pirkimo \u2013 pardavimo taisykl\u0117mis ir privalo j\u0173 laikytis.<\/span><\/span><\/span><span style=\"color: #333333;\"><span style=\"font-family: Arial, serif;\"><span style=\"font-size: small;\"><br \/>\n<\/span><\/span><\/span><\/p>\n<p><span style=\"color: #333333;\"><span style=\"font-family: Arial, serif;\"><span style=\"font-size: xx-large;\">7. Preki\u0173 kainos<\/span><\/span><\/span><\/p>\n<p><span style=\"color: #333333;\"><span style=\"font-family: Arial, serif;\"><span style=\"font-size: small;\"><span lang=\"en-US\">7<\/span><\/span><\/span><\/span><span style=\"color: #333333;\"><span style=\"font-family: Arial, serif;\"><span style=\"font-size: small;\">.1. Preki\u0173 kainos elektronin\u0117je parduotuv\u0117je nurodomos eurais. Kainos nurodomos su PVM. Patvirtinus u\u017esakym\u0105 prie bendros preki\u0173 sumos prisideda pristatymo mokestis, jeigu toks yra taikomas.<\/span><\/span><\/span><\/p>\n<p><span style=\"color: #333333;\"><span style=\"font-family: Arial, serif;\"><span style=\"font-size: small;\"><br \/>\n<\/span><\/span><\/span><span style=\"color: #333333;\"><span style=\"font-family: Arial, serif;\"><span style=\"font-size: xx-large;\">8. Preki\u0173 u\u017esakymas ir apmok\u0117jimas <\/span><\/span><\/span><\/p>\n<p><span style=\"color: #333333;\"><span style=\"font-family: Arial, serif;\"><span style=\"font-size: small;\"><span lang=\"en-US\">8<\/span><\/span><\/span><\/span><span style=\"color: #333333;\"><span style=\"font-family: Arial, serif;\"><span style=\"font-size: small;\">.1. Pirk\u0117jas, apsilank\u0119s elektronin\u0117je parduotuv\u0117je, i\u0161sirenka jam patinkan\u010dias prekes, kurias \u012fsideda \u012f pirkini\u0173 krep\u0161el\u012f. Po pirkini\u0173 krep\u0161elio suformavimo, Pirk\u0117jas suveda asmens duomenis, b\u016btinus u\u017esakymo \u012fvykdymui: savo vard\u0105, pavard\u0119, adres\u0105, kuriuo bus pristatomos prek\u0117s, telefono numer\u012f bei papildom\u0105 informacij\u0105, kuri gali b\u016bti svarbi pristatant u\u017esakytas prekes.\u00a0Pirk\u0117jas patvirtin\u0105 jog susipa\u017eino su \u0161iomis taisykl\u0117mis ir patvirtina u\u017esakym\u0105.<\/span><\/span><\/span><span style=\"color: #333333;\"><span style=\"font-family: Arial, serif;\"><span style=\"font-size: small;\"><br \/>\n<\/span><\/span><\/span><span style=\"color: #333333;\"><span style=\"font-family: Arial, serif;\"><span style=\"font-size: small;\"><span lang=\"en-US\">8<\/span><\/span><\/span><\/span><span style=\"color: #333333;\"><span style=\"font-family: Arial, serif;\"><span style=\"font-size: small;\">.3. Atsiskaityti galima naudojantis Swed, Seb, Luminor, Citadel\u0117s, \u0160iauli\u0173 banko elektronin\u0117s bankininkyst\u0117s paslaugomis, bei Visa \/ MasterCard mok\u0117jimo kortel\u0117mis. Atsiskaitymai galimi euro valiuta. Mok\u0117jimai apdorojami naudojantis <\/span><\/span><\/span><span style=\"color: #0563c1;\"><u><a href=\"https:\/\/makecommerce.lt\/\"><span style=\"font-family: Arial, serif;\"><span style=\"font-size: small;\">MakeCommerce.lt<\/span><\/span><\/a><\/u><\/span><span style=\"color: #333333;\"><span style=\"font-family: Arial, serif;\"><span style=\"font-size: small;\"> mok\u0117jim\u0173 platforma.<\/span><\/span><\/span><\/p>\n<p>&nbsp;<\/p>\n<p><span style=\"color: #333333;\"><span style=\"font-family: Arial, serif;\"><span style=\"font-size: xx-large;\">9. Preki\u0173 pristatymas<\/span><\/span><\/span><\/p>\n<p><span style=\"color: #333333;\"><span style=\"font-family: Arial, serif;\"><span style=\"font-size: small;\">9.1. Pirk\u0117jas, u\u017esakydamas prekes, privalo nurodyti tiksl\u0173 preki\u0173 pristatymo adres\u0105.<\/span><\/span><\/span><span style=\"color: #333333;\"><span style=\"font-family: Arial, serif;\"><span style=\"font-size: small;\"><br \/>\n<\/span><\/span><\/span><span style=\"color: #333333;\"><span style=\"font-family: Arial, serif;\"><span style=\"font-size: small;\">9.2. Pirk\u0117jas privalo priimti prekes pats. Jeigu Pirk\u0117jas preki\u0173 priimti pats negali, bet prek\u0117s pristatytos Pirk\u0117jo nurodytu adresu, Pirk\u0117jas neturi teis\u0117s reik\u0161ti pretenzij\u0173 d\u0117l pristatyt\u0173 preki\u0173 netinkamam asmeniui.<\/span><\/span><\/span><span style=\"color: #333333;\"><span style=\"font-family: Arial, serif;\"><span style=\"font-size: small;\"><br \/>\n<\/span><\/span><\/span><span style=\"color: #333333;\"><span style=\"font-family: Arial, serif;\"><span style=\"font-size: small;\">9.3. Pardav\u0117jas pristato prekes Pirk\u0117jui vadovaudamasis preki\u0173 apra\u0161ymuose nurodytais terminais. <\/span><\/span><\/span><span style=\"color: #333333;\"><span style=\"font-family: Arial, serif;\"><span style=\"font-size: small;\"><br \/>\n<\/span><\/span><\/span><span style=\"color: #333333;\"><span style=\"font-family: Arial, serif;\"><span style=\"font-size: small;\">9.4. Vis\u0173 parduodam\u0173 preki\u0173 ypatyb\u0117s nurodomos prie kiekvienos prek\u0117s esan\u010diame apra\u0161yme. Pardav\u0117jas neatsako u\u017e tai, jog elektronin\u0117je parduotuv\u0117je esan\u010di\u0173 preki\u0173 spalva, forma ar kiti parametrai gali neatitikti realaus preki\u0173 dyd\u017eio, formos ir spalvos d\u0117l Pirk\u0117jo naudojamo monitoriaus ypatybi\u0173.<\/span><\/span><\/span><span style=\"color: #333333;\"><span style=\"font-family: Arial, serif;\"><span style=\"font-size: small;\"><br \/>\n<\/span><\/span><\/span><span style=\"color: #333333;\"><span style=\"font-family: Arial, serif;\"><span style=\"font-size: small;\">9.<\/span><\/span><\/span><span style=\"color: #333333;\"><span style=\"font-family: Arial, serif;\"><span style=\"font-size: small;\"><span lang=\"en-US\">5<\/span><\/span><\/span><\/span><span style=\"color: #333333;\"><span style=\"font-family: Arial, serif;\"><span style=\"font-size: small;\">. Pirk\u0117jui atsisakant prek\u0117s pirkimo-pardavimo sutarties, Pirk\u0117jui gr\u0105\u017einamos visos jo sumok\u0117tos sumos, \u012fskaitant Pirk\u0117jo sumok\u0117tas prek\u0117s pristatymo i\u0161laidas. <\/span><\/span><\/span><\/p>\n<p><span style=\"color: #333333;\"><span style=\"font-family: Arial, serif;\"><span style=\"font-size: xx-large;\">10. Preki\u0173 gr\u0105\u017einimas<\/span><\/span><\/span><\/p>\n<p><span style=\"color: #333333;\"><span style=\"font-family: Arial, serif;\"><span style=\"font-size: small;\">10.1.\u00a0\u00a0Kokybi\u0161kos prek\u0117s gali b\u016bti gr\u0105\u017einamos per 14 dien\u0173 nuo j\u0173 gavimo dienos. Parduot\u0173 nekokybi\u0161k\u0173 preki\u0173 tr\u016bkumai \u0161alinami, nekokybi\u0161kos prek\u0117s kei\u010diamos, gr\u0105\u017einamos vadovaujantis\u00a0Lietuvos Respublikos civilinio kodekso nuostatomis.<\/span><\/span><\/span><span style=\"color: #333333;\"><span style=\"font-family: Arial, serif;\"><span style=\"font-size: small;\"><br \/>\n<\/span><\/span><\/span><span style=\"color: #333333;\"><span style=\"font-family: Arial, serif;\"><span style=\"font-size: small;\">10.2. Gr\u0105\u017einant prekes b\u016btina laikytis \u0161i\u0173 s\u0105lyg\u0173:<\/span><\/span><\/span><span style=\"color: #333333;\"><span style=\"font-family: Arial, serif;\"><span style=\"font-size: small;\"><br \/>\n<\/span><\/span><\/span><span style=\"color: #333333;\"><span style=\"font-family: Arial, serif;\"><span style=\"font-size: small;\">10.2.1. Gr\u0105\u017einama prek\u0117 turi b\u016bti originalioje tvarkingoje pakuot\u0117je (\u0161is punktas netaikomas\u00a0 tuo atveju, kai gr\u0105\u017einama nekokybi\u0161ka prek\u0117);<\/span><\/span><\/span><span style=\"color: #333333;\"><span style=\"font-family: Arial, serif;\"><span style=\"font-size: small;\"><br \/>\n<\/span><\/span><\/span><span style=\"color: #333333;\"><span style=\"font-family: Arial, serif;\"><span style=\"font-size: small;\">10.2.2. Prek\u0117 turi b\u016bti Pirk\u0117jo nesugadinta;<\/span><\/span><\/span><span style=\"color: #333333;\"><span style=\"font-family: Arial, serif;\"><span style=\"font-size: small;\"><br \/>\n<\/span><\/span><\/span><span style=\"color: #333333;\"><span style=\"font-family: Arial, serif;\"><span style=\"font-size: small;\">10.2.3. Prek\u0117 turi b\u016bti nenaudota, nepraradusi prekin\u0117s i\u0161vaizdos: nepa\u017eeistos etiket\u0117s,\u00a0 nenupl\u0117\u0161tos apsaugin\u0117s pl\u0117vel\u0117s ir kt. (\u0161is punktas netaikomas tuo atveju, kai gr\u0105\u017einama\u00a0 nekokybi\u0161ka prek\u0117);<\/span><\/span><\/span><span style=\"color: #333333;\"><span style=\"font-family: Arial, serif;\"><span style=\"font-size: small;\"><br \/>\n<\/span><\/span><\/span><span style=\"color: #333333;\"><span style=\"font-family: Arial, serif;\"><span style=\"font-size: small;\">10.2.4. Gr\u0105\u017einama prek\u0117 turi b\u016bti tos pa\u010dios komplektacijos, kokios buvo Pirk\u0117jo gauta (\u0161is punktas netaikomas tuo atveju, kai gr\u0105\u017einama nekokybi\u0161ka prek\u0117);<\/span><\/span><\/span><span style=\"color: #333333;\"><span style=\"font-family: Arial, serif;\"><span style=\"font-size: small;\"><br \/>\n<\/span><\/span><\/span><span style=\"color: #333333;\"><span style=\"font-family: Arial, serif;\"><span style=\"font-size: small;\">10.2.5. Pardav\u0117jas turi teis\u0119 atsisakyti priimti Pirk\u0117jo gr\u0105\u017einamas prekes, jei buvo\u00a0 nesilaikoma preki\u0173 gr\u0105\u017einimo s\u0105lyg\u0173;<\/span><\/span><\/span><span style=\"color: #333333;\"><span style=\"font-family: Arial, serif;\"><span style=\"font-size: small;\"><br \/>\n<\/span><\/span><\/span><span style=\"color: #333333;\"><span style=\"font-family: Arial, serif;\"><span style=\"font-size: small;\">10.2.6. Preki\u0173 gr\u0105\u017einimas vykdomas Pardav\u0117jo nustatytu b\u016bdu per 14 (keturiolika) dien\u0173\u00a0 nuo preki\u0173 gavimo dienos (\u0161is punktas netaikomas tuo atveju, kai prek\u0117 nekokybi\u0161ka &#8211; tokiu atveju vykdomas preki\u0173 gr\u0105\u017einimas per \u012fstatymin\u012f garantin\u012f termin\u0105);<\/span><\/span><\/span><span style=\"color: #333333;\"><span style=\"font-family: Arial, serif;\"><span style=\"font-size: small;\"><br \/>\n<\/span><\/span><\/span><span style=\"color: #333333;\"><span style=\"font-family: Arial, serif;\"><span style=\"font-size: small;\">10.3. Tinkamos kokyb\u0117s preki\u0173 gr\u0105\u017einimas ir keitimas vykdomas vadovaujantis Civilinio kodekso 6.22810 straipsnio 1 dalimi;<\/span><\/span><\/span><span style=\"color: #333333;\"><span style=\"font-family: Arial, serif;\"><span style=\"font-size: small;\"><br \/>\n<\/span><\/span><\/span><span style=\"color: #333333;\"><span style=\"font-family: Arial, serif;\"><span style=\"font-size: small;\">10.4. U\u017e Pirk\u0117jo priimtas, bet v\u0117liau atsisakytas prekes sumok\u0117ti pinigai gr\u0105\u017einami \u012f Pirk\u0117jo s\u0105skait\u0105 ne v\u0117liau kaip per 5 (penkias) dienas nuo prek\u0117s gr\u0105\u017einimo Pardav\u0117jui dienos, nebent Pardav\u0117jas ir Pirk\u0117jas susitaria kitaip.\u00a0<\/span><\/span><\/span><span style=\"color: #333333;\"><span style=\"font-family: Arial, serif;\"><span style=\"font-size: small;\"><br \/>\n<\/span><\/span><\/span><\/p>\n<p><span style=\"color: #333333;\"><span style=\"font-family: Arial, serif;\"><span style=\"font-size: xx-large;\">11. Baigiamosios nuostatos<\/span><\/span><\/span><\/p>\n<p><span style=\"color: #333333;\"><span style=\"font-family: Arial, serif;\"><span style=\"font-size: small;\">11.1. \u0160ios Taisykl\u0117s sudarytos vadovaujantis Lietuvos Respublikos teis\u0117s aktais.<\/span><\/span><\/span><span style=\"color: #333333;\"><span style=\"font-family: Arial, serif;\"><span style=\"font-size: small;\"><br \/>\n<\/span><\/span><\/span><span style=\"color: #333333;\"><span style=\"font-family: Arial, serif;\"><span style=\"font-size: small;\">11.2. \u0160ioms Taisykl\u0117ms ir santykiams tarp \u0160ali\u0173 \u0161i\u0173 Taisykli\u0173 at\u017evilgiu taikomos ir jos ai\u0161kinamos remiantis Lietuvos Respublikos \u012fstatymais.<\/span><\/span><\/span><span style=\"color: #333333;\"><span style=\"font-family: Arial, serif;\"><span style=\"font-size: small;\"><br \/>\n<\/span><\/span><\/span><span style=\"color: #333333;\"><span style=\"font-family: Arial, serif;\"><span style=\"font-size: small;\">11.3. Visi nesutarimai, kil\u0119 d\u0117l \u0161i\u0173 Taisykli\u0173 vykdymo, sprend\u017eiami deryb\u0173 b\u016bdu. Nepavykus susitarti, gin\u010dai sprend\u017eiami Lietuvos Respublikos \u012fstatym\u0173 nustatyta tvarka.<\/span><\/span><\/span><span style=\"color: #333333;\"><span style=\"font-family: Arial, serif;\"><span style=\"font-size: small;\"><br \/>\n<\/span><\/span><\/span><span style=\"color: #333333;\"><span style=\"font-family: Arial, serif;\"><span style=\"font-size: small;\">11.4. \u0160alys atleid\u017eiamos nuo \u012fsipareigojim\u0173 pagal \u0161ias Taisykles vykdymo, jei j\u0173 \u012fvykdyti negalima d\u0117l nenumatyt\u0173 ir \u0160ali\u0173 valios nepriklausan\u010di\u0173 aplinkybi\u0173 (Force major).<\/span><\/span><\/span><span style=\"color: #333333;\"><span style=\"font-family: Arial, serif;\"><span style=\"font-size: small;\"><br \/>\n<\/span><\/span><\/span><\/p>\n","protected":false},"excerpt":{"rendered":"<p>1. Bendrosios nuostatos 1.1. \u0160ios elektronin\u0117s parduotuv\u0117s taisykl\u0117s (toliau \u2013 Taisykl\u0117s) yra Pirk\u0117jui ir Pardav\u0117jui (toliau \u2013 Pardav\u0117jas) juridi\u0161kai privalomas dokumentas, kuriame nustatomos \u0160ali\u0173 teis\u0117s ir pareigos. 1.2. Pardav\u0117jas pasilieka teis\u0119 bet kuriuo metu pakeisti, taisyti ar papildyti \u0161ias Taisykles. Apie Taisykli\u0173 pasikeitimus Pirk\u0117jas informuojamas elektronin\u0117s parduotuv\u0117s tinklapyje. 2. Pirkimo-pardavimo sutarties sudarymas 2.1. Pirkimo-pardavimo sutartis [&hellip;]<\/p>\n","protected":false},"author":1,"featured_media":0,"parent":0,"menu_order":0,"comment_status":"closed","ping_status":"closed","template":"","meta":{"footnotes":""},"class_list":["post-1414","page","type-page","status-publish","hentry"],"acf":[],"_links":{"self":[{"href":"https:\/\/www.onedesk.lt\/en\/wp-json\/wp\/v2\/pages\/1414","targetHints":{"allow":["GET"]}}],"collection":[{"href":"https:\/\/www.onedesk.lt\/en\/wp-json\/wp\/v2\/pages"}],"about":[{"href":"https:\/\/www.onedesk.lt\/en\/wp-json\/wp\/v2\/types\/page"}],"author":[{"embeddable":true,"href":"https:\/\/www.onedesk.lt\/en\/wp-json\/wp\/v2\/users\/1"}],"replies":[{"embeddable":true,"href":"https:\/\/www.onedesk.lt\/en\/wp-json\/wp\/v2\/comments?post=1414"}],"version-history":[{"count":1,"href":"https:\/\/www.onedesk.lt\/en\/wp-json\/wp\/v2\/pages\/1414\/revisions"}],"predecessor-version":[{"id":1415,"href":"https:\/\/www.onedesk.lt\/en\/wp-json\/wp\/v2\/pages\/1414\/revisions\/1415"}],"wp:attachment":[{"href":"https:\/\/www.onedesk.lt\/en\/wp-json\/wp\/v2\/media?parent=1414"}],"curies":[{"name":"wp","href":"https:\/\/api.w.org\/{rel}","templated":true}]}}